{"id":36,"date":"2014-11-22T11:05:03","date_gmt":"2014-11-22T11:05:03","guid":{"rendered":"http:\/\/silaba.es\/en\/?page_id=36"},"modified":"2015-11-23T08:39:59","modified_gmt":"2015-11-23T08:39:59","slug":"silaba","status":"publish","type":"page","link":"https:\/\/silaba.es\/en\/","title":{"rendered":"Home"},"content":{"rendered":"<p>[et_pb_section admin_label=\u00bbsection\u00bb fullwidth=\u00bbon\u00bb specialty=\u00bboff\u00bb][et_pb_fullwidth_slider admin_label=\u00bbFullwidth Slider\u00bb show_arrows=\u00bbon\u00bb show_pagination=\u00bbon\u00bb auto=\u00bbon\u00bb parallax=\u00bboff\u00bb parallax_method=\u00bboff\u00bb auto_speed=\u00bb5000&#8243; module_id=\u00bbhome-slider-silaba\u00bb auto_ignore_hover=\u00bboff\u00bb remove_inner_shadow=\u00bboff\u00bb background_position=\u00bbdefault\u00bb background_size=\u00bbdefault\u00bb hide_content_on_mobile=\u00bboff\u00bb hide_cta_on_mobile=\u00bboff\u00bb show_image_video_mobile=\u00bboff\u00bb header_font_size=\u00bb46&#8243; body_font_size=\u00bb28&#8243; body_line_height=\u00bb1.8em\u00bb custom_button=\u00bboff\u00bb button_text_size=\u00bb20&#8243; button_border_width=\u00bb2&#8243; button_border_radius=\u00bb3&#8243; button_letter_spacing=\u00bb0&#8243; button_use_icon=\u00bbdefault\u00bb button_icon_placement=\u00bbright\u00bb button_on_hover=\u00bbon\u00bb button_border_radius_hover=\u00bb3&#8243; button_letter_spacing_hover=\u00bb0&#8243;] [et_pb_slide background_image=\u00bbhttp:\/\/silaba.es\/wp-content\/uploads\/2014\/11\/muro-silaba.jpg\u00bb background_color=\u00bb#ffffff\u00bb alignment=\u00bbcenter\u00bb background_layout=\u00bblight\u00bb background_position=\u00bbdefault\u00bb background_size=\u00bbdefault\u00bb allow_player_pause=\u00bboff\u00bb header_font_select=\u00bbdefault\u00bb body_font_select=\u00bbdefault\u00bb custom_button=\u00bboff\u00bb button_font_select=\u00bbdefault\u00bb button_use_icon=\u00bbdefault\u00bb button_icon_placement=\u00bbright\u00bb button_on_hover=\u00bbon\u00bb]<\/p>\n<p>Translating your words<br \/>\ninto over 50 languages<\/p>\n<p>[\/et_pb_slide][et_pb_slide background_image=\u00bbhttp:\/\/silaba.es\/wp-content\/uploads\/2014\/11\/muro-silaba.jpg\u00bb background_color=\u00bb#ffffff\u00bb alignment=\u00bbcenter\u00bb background_layout=\u00bblight\u00bb background_position=\u00bbdefault\u00bb background_size=\u00bbdefault\u00bb allow_player_pause=\u00bboff\u00bb header_font_select=\u00bbdefault\u00bb body_font_select=\u00bbdefault\u00bb custom_button=\u00bboff\u00bb button_font_select=\u00bbdefault\u00bb button_use_icon=\u00bbdefault\u00bb button_icon_placement=\u00bbright\u00bb button_on_hover=\u00bbon\u00bb]<\/p>\n<p>Medical, legal, technical,<br \/>\nmarketing, certified translations\u2026<br \/>\nJust ask!<\/p>\n<p>[\/et_pb_slide][et_pb_slide background_image=\u00bbhttp:\/\/silaba.es\/wp-content\/uploads\/2014\/11\/muro-silaba.jpg\u00bb background_color=\u00bb#ffffff\u00bb alignment=\u00bbcenter\u00bb background_layout=\u00bblight\u00bb background_position=\u00bbdefault\u00bb background_size=\u00bbdefault\u00bb allow_player_pause=\u00bboff\u00bb header_font_select=\u00bbdefault\u00bb body_font_select=\u00bbdefault\u00bb custom_button=\u00bboff\u00bb button_font_select=\u00bbdefault\u00bb button_use_icon=\u00bbdefault\u00bb button_icon_placement=\u00bbright\u00bb button_on_hover=\u00bbon\u00bb]<\/p>\n<p>You focus on your business<br \/>\nand we\u2019ll take care of breaking through<br \/>\nlanguage barriers for you<\/p>\n<p>[\/et_pb_slide] [\/et_pb_fullwidth_slider][\/et_pb_section][et_pb_section admin_label=\u00bbsection\u00bb fullwidth=\u00bboff\u00bb specialty=\u00bboff\u00bb background_color=\u00bb#ffffff\u00bb inner_shadow=\u00bboff\u00bb parallax=\u00bboff\u00bb][et_pb_row admin_label=\u00bbrow\u00bb][et_pb_column type=\u00bb4_4&#8243;][et_pb_text admin_label=\u00bbText\u00bb background_layout=\u00bblight\u00bb text_orientation=\u00bbcenter\u00bb]<\/p>\n<h1 style=\"text-align: center;\">Why choose us?<\/h1>\n<h5 style=\"text-align: center;\">We use the latest technologies in the translation industry to optimise resources and maximise performance. As a result, we can offer our clients attractive prices without compromising the quality of the end product<\/h5>\n<p>[\/et_pb_text][\/et_pb_column][\/et_pb_row][et_pb_row admin_label=\u00bbrow\u00bb][et_pb_column type=\u00bb1_3&#8243;][et_pb_blurb admin_label=\u00bbBlurb\u00bb url_new_window=\u00bboff\u00bb use_icon=\u00bbon\u00bb font_icon=\u00bb\ue0ed\u00bb icon_color=\u00bb#9b0e06&#8243; use_circle=\u00bboff\u00bb circle_color=\u00bb#2EA3F2&#8243; use_circle_border=\u00bboff\u00bb circle_border_color=\u00bb#9b0e06&#8243; icon_placement=\u00bbtop\u00bb animation=\u00bboff\u00bb background_layout=\u00bblight\u00bb text_orientation=\u00bbcenter\u00bb]<\/p>\n<p><strong>Competitive prices<\/strong> and personalised quotes. We analyse every request in detail using our comprehensive management system and translation memories to quote you the best possible price for our services.<\/p>\n<p>[\/et_pb_blurb][\/et_pb_column][et_pb_column type=\u00bb1_3&#8243;][et_pb_blurb admin_label=\u00bbBlurb\u00bb url_new_window=\u00bboff\u00bb use_icon=\u00bbon\u00bb font_icon=\u00bb\ue08b\u00bb icon_color=\u00bb#9b0e06&#8243; use_circle=\u00bboff\u00bb circle_color=\u00bb#9b0e06&#8243; use_circle_border=\u00bbon\u00bb circle_border_color=\u00bb#9b0e06&#8243; icon_placement=\u00bbtop\u00bb animation=\u00bboff\u00bb background_layout=\u00bblight\u00bb text_orientation=\u00bbcenter\u00bb]<\/p>\n<p><strong>Personalised approach<\/strong> to each client. We will assign you a friendly, efficient and reliable account manager who will look out for your interests as if they were part of your own team.<\/p>\n<p>[\/et_pb_blurb][\/et_pb_column][et_pb_column type=\u00bb1_3&#8243;][et_pb_blurb admin_label=\u00bbBlurb\u00bb url_new_window=\u00bboff\u00bb use_icon=\u00bbon\u00bb font_icon=\u00bb}\u00bb icon_color=\u00bb#9b0e06&#8243; use_circle=\u00bboff\u00bb circle_color=\u00bb#9b0e06&#8243; use_circle_border=\u00bboff\u00bb circle_border_color=\u00bb#9b0e06&#8243; icon_placement=\u00bbtop\u00bb animation=\u00bboff\u00bb background_layout=\u00bblight\u00bb text_orientation=\u00bbcenter\u00bb]<\/p>\n<p><strong>Short delivery times<\/strong> when and as you need them. Our resources and work flows can adapt to any situation so you can have your translation in the timeframe you dictate and with the quality you expect.<\/p>\n<p>[\/et_pb_blurb][\/et_pb_column][\/et_pb_row][\/et_pb_section]<\/p>\n","protected":false},"excerpt":{"rendered":"<p>[et_pb_section admin_label=\u00bbsection\u00bb fullwidth=\u00bbon\u00bb specialty=\u00bboff\u00bb][et_pb_fullwidth_slider admin_label=\u00bbFullwidth Slider\u00bb show_arrows=\u00bbon\u00bb show_pagination=\u00bbon\u00bb auto=\u00bbon\u00bb parallax=\u00bboff\u00bb parallax_method=\u00bboff\u00bb auto_speed=\u00bb5000&#8243; module_id=\u00bbhome-slider-silaba\u00bb auto_ignore_hover=\u00bboff\u00bb remove_inner_shadow=\u00bboff\u00bb background_position=\u00bbdefault\u00bb background_size=\u00bbdefault\u00bb hide_content_on_mobile=\u00bboff\u00bb hide_cta_on_mobile=\u00bboff\u00bb show_image_video_mobile=\u00bboff\u00bb header_font_size=\u00bb46&#8243; body_font_size=\u00bb28&#8243; body_line_height=\u00bb1.8em\u00bb custom_button=\u00bboff\u00bb button_text_size=\u00bb20&#8243; button_border_width=\u00bb2&#8243; button_border_radius=\u00bb3&#8243; button_letter_spacing=\u00bb0&#8243; button_use_icon=\u00bbdefault\u00bb button_icon_placement=\u00bbright\u00bb button_on_hover=\u00bbon\u00bb button_border_radius_hover=\u00bb3&#8243; button_letter_spacing_hover=\u00bb0&#8243;] [et_pb_slide background_image=\u00bbhttp:\/\/silaba.es\/wp-content\/uploads\/2014\/11\/muro-silaba.jpg\u00bb background_color=\u00bb#ffffff\u00bb alignment=\u00bbcenter\u00bb background_layout=\u00bblight\u00bb background_position=\u00bbdefault\u00bb background_size=\u00bbdefault\u00bb allow_player_pause=\u00bboff\u00bb header_font_select=\u00bbdefault\u00bb body_font_select=\u00bbdefault\u00bb custom_button=\u00bboff\u00bb button_font_select=\u00bbdefault\u00bb button_use_icon=\u00bbdefault\u00bb button_icon_placement=\u00bbright\u00bb button_on_hover=\u00bbon\u00bb] Translating your words into over 50 languages [&hellip;]<\/p>\n","protected":false},"author":2,"featured_media":0,"parent":0,"menu_order":0,"comment_status":"open","ping_status":"closed","template":"","meta":{"_et_pb_use_builder":"on","_et_pb_old_content":"<p>[et_pb_section fullwidth=\"on\" specialty=\"off\"][et_pb_fullwidth_slider admin_label=\"Fullwidth Slider\" show_arrows=\"on\" show_pagination=\"on\" auto=\"on\" parallax=\"off\" parallax_method=\"off\" auto_speed=\"5000\" module_id=\"home-slider-silaba\"][et_pb_slide background_image=\"http:\/\/silaba.es\/wp-content\/uploads\/2014\/11\/muro-silaba.jpg\" background_color=\"#ffffff\" alignment=\"center\" background_layout=\"light\"]<\/p><h2>Llevamos sus palabras<br \/> a m\u00e1s de 50 idiomas<\/h2><p>[\/et_pb_slide][et_pb_slide background_image=\"http:\/\/silaba.es\/wp-content\/uploads\/2014\/11\/muro-silaba.jpg\" background_color=\"#ffffff\" alignment=\"center\" background_layout=\"light\"]<\/p><h2>Traducciones m\u00e9dicas, legales,<\/h2><h2>t\u00e9cnicas, de marketing, juradas...<\/h2><h2>\u00a1Preg\u00fantenos!<\/h2><p>[\/et_pb_slide][et_pb_slide background_image=\"http:\/\/silaba.es\/wp-content\/uploads\/2014\/11\/muro-silaba.jpg\" background_color=\"#ffffff\" alignment=\"center\" background_layout=\"light\"]<\/p><h2>Piense en su negocio;<\/h2><h2>nosotros nos encargamos<\/h2><h2>de romper las barreras ling\u00fc\u00edsticas<\/h2><p>[\/et_pb_slide][\/et_pb_fullwidth_slider][\/et_pb_section][et_pb_section fullwidth=\"off\" specialty=\"off\" background_color=\"#ffffff\" inner_shadow=\"off\" parallax=\"off\"][et_pb_row][et_pb_column type=\"4_4\"][et_pb_text admin_label=\"Text\" background_layout=\"light\" text_orientation=\"center\"]<\/p><h1 style=\"text-align: center;\">\u00bfPor qu\u00e9 elegirnos?<\/h1><h5 style=\"text-align: center;\">Aplicamos las \u00faltimas tecnolog\u00edas del campo de la traducci\u00f3n para optimizar recursos y maximizar rentabilidades, lo que nos permite ofrecer a nuestros clientes precios muy ventajosos cuidando al m\u00e1ximo la calidad del producto final<\/h5><p>[\/et_pb_text][\/et_pb_column][\/et_pb_row][et_pb_row][et_pb_column type=\"1_3\"][et_pb_blurb admin_label=\"Blurb\" url_new_window=\"off\" use_icon=\"on\" font_icon=\"\ue0ed\" icon_color=\"#9b0e06\" use_circle=\"off\" circle_color=\"#2EA3F2\" use_circle_border=\"off\" circle_border_color=\"#9b0e06\" icon_placement=\"top\" animation=\"off\" background_layout=\"light\" text_orientation=\"center\"]<strong>Precios competitivos<\/strong> y presupuestos individualizados, con un an\u00e1lisis pormenorizado de cada solicitud para ajustar al m\u00e1ximo el coste del servicio gracias a nuestro sistema de gesti\u00f3n integral y la utilizaci\u00f3n de memorias de traducci\u00f3n.[\/et_pb_blurb][\/et_pb_column][et_pb_column type=\"1_3\"][et_pb_blurb admin_label=\"Blurb\" url_new_window=\"off\" use_icon=\"on\" font_icon=\"\ue08b\" icon_color=\"#9b0e06\" use_circle=\"off\" circle_color=\"#9b0e06\" use_circle_border=\"on\" circle_border_color=\"#9b0e06\" icon_placement=\"top\" animation=\"off\" background_layout=\"light\" text_orientation=\"center\"]<strong>Enfoque personalizado<\/strong> para cada cliente, que dispone de un gestor de cuenta particular con el que establecer\u00e1 una relaci\u00f3n cordial y de confianza, como si fuera una persona m\u00e1s dentro de su propio equipo.[\/et_pb_blurb][\/et_pb_column][et_pb_column type=\"1_3\"][et_pb_blurb admin_label=\"Blurb\" url_new_window=\"off\" use_icon=\"on\" font_icon=\"}\" icon_color=\"#9b0e06\" use_circle=\"off\" circle_color=\"#9b0e06\" use_circle_border=\"off\" circle_border_color=\"#9b0e06\" icon_placement=\"top\" animation=\"off\" background_layout=\"light\" text_orientation=\"center\"]<strong>Tiempos de entrega reducidos<\/strong> seg\u00fan las necesidades del cliente, que ven nuestros recursos y flujos de trabajo adaptados a cada situaci\u00f3n para que puedan disponer de su traducci\u00f3n en el plazo solicitado respetando nuestro compromiso de calidad.[\/et_pb_blurb][\/et_pb_column][\/et_pb_row][\/et_pb_section]<\/p>","footnotes":""},"_links":{"self":[{"href":"https:\/\/silaba.es\/en\/wp-json\/wp\/v2\/pages\/36"}],"collection":[{"href":"https:\/\/silaba.es\/en\/wp-json\/wp\/v2\/pages"}],"about":[{"href":"https:\/\/silaba.es\/en\/wp-json\/wp\/v2\/types\/page"}],"author":[{"embeddable":true,"href":"https:\/\/silaba.es\/en\/wp-json\/wp\/v2\/users\/2"}],"replies":[{"embeddable":true,"href":"https:\/\/silaba.es\/en\/wp-json\/wp\/v2\/comments?post=36"}],"version-history":[{"count":6,"href":"https:\/\/silaba.es\/en\/wp-json\/wp\/v2\/pages\/36\/revisions"}],"predecessor-version":[{"id":217,"href":"https:\/\/silaba.es\/en\/wp-json\/wp\/v2\/pages\/36\/revisions\/217"}],"wp:attachment":[{"href":"https:\/\/silaba.es\/en\/wp-json\/wp\/v2\/media?parent=36"}],"curies":[{"name":"wp","href":"https:\/\/api.w.org\/{rel}","templated":true}]}}