{"id":41,"date":"2014-11-22T11:24:12","date_gmt":"2014-11-22T11:24:12","guid":{"rendered":"http:\/\/silaba.es\/en\/?page_id=41"},"modified":"2014-11-28T18:40:50","modified_gmt":"2014-11-28T18:40:50","slug":"services","status":"publish","type":"page","link":"https:\/\/silaba.es\/en\/services\/","title":{"rendered":"Services"},"content":{"rendered":"<p>[et_pb_section fullwidth=\u00bboff\u00bb specialty=\u00bboff\u00bb background_image=\u00bbhttp:\/\/silaba.es\/wp-content\/uploads\/2014\/11\/servicios-silaba.jpg\u00bb transparent_background=\u00bboff\u00bb background_color=\u00bb#ffffff\u00bb inner_shadow=\u00bbon\u00bb parallax=\u00bboff\u00bb parallax_method=\u00bboff\u00bb][et_pb_row][et_pb_column type=\u00bb1_3&#8243;][et_pb_text admin_label=\u00bbText\u00bb background_layout=\u00bblight\u00bb text_orientation=\u00bbleft\u00bb]<\/p>\n<h1>Services<\/h1>\n<h2>A wide range of services for the product you need<\/h2>\n<p>[\/et_pb_text][\/et_pb_column][et_pb_column type=\u00bb1_3&#8243;][\/et_pb_column][et_pb_column type=\u00bb1_3&#8243;][\/et_pb_column][\/et_pb_row][\/et_pb_section][et_pb_section][et_pb_row][et_pb_column type=\u00bb1_4&#8243;][et_pb_blurb admin_label=\u00bbBlurb\u00bb title=\u00bbLanguage services\u00bb url_new_window=\u00bboff\u00bb use_icon=\u00bbon\u00bb font_icon=\u00bb\ue01b\u00bb icon_color=\u00bb#9b0e06&#8243; use_circle=\u00bboff\u00bb circle_color=\u00bb#2EA3F2&#8243; use_circle_border=\u00bboff\u00bb circle_border_color=\u00bb#2EA3F2&#8243; icon_placement=\u00bbtop\u00bb animation=\u00bboff\u00bb background_layout=\u00bblight\u00bb text_orientation=\u00bbcenter\u00bb url=\u00bbhttp:\/\/silaba.es\/en\/services\/language-services\/\u00bb]<\/p>\n<p style=\"text-align: center;\">We can translate all your documents and information (whether oral or written) into the languages and format you require using cutting-edge technologies and translators who are native speakers of the target language and specialised in the subject matter in question.<\/p>\n<p>[\/et_pb_blurb][\/et_pb_column][et_pb_column type=\u00bb1_4&#8243;][et_pb_blurb admin_label=\u00bbBlurb\u00bb title=\u00bbGlobalisation\u00bb url_new_window=\u00bboff\u00bb use_icon=\u00bbon\u00bb font_icon=\u00bb\ue0e2\u00bb icon_color=\u00bb#9b0e06&#8243; use_circle=\u00bboff\u00bb circle_color=\u00bb#2EA3F2&#8243; use_circle_border=\u00bboff\u00bb circle_border_color=\u00bb#2EA3F2&#8243; icon_placement=\u00bbtop\u00bb animation=\u00bboff\u00bb background_layout=\u00bblight\u00bb text_orientation=\u00bbcenter\u00bb url=\u00bbhttp:\/\/silaba.es\/en\/services\/globalisation\/\u00bb]<\/p>\n<p style=\"text-align: center;\">Are you thinking of expanding your brand, services or products to other markets? Are you preparing a tender for submission in another country? Our internationalisation personnel will assist you through the entire process.<\/p>\n<p>[\/et_pb_blurb][\/et_pb_column][et_pb_column type=\u00bb1_4&#8243;][et_pb_blurb admin_label=\u00bbBlurb\u00bb title=\u00bbProcess management\u00bb url_new_window=\u00bboff\u00bb use_icon=\u00bbon\u00bb font_icon=\u00bb\ue109\u00bb icon_color=\u00bb#9b0e06&#8243; use_circle=\u00bboff\u00bb circle_color=\u00bb#2EA3F2&#8243; use_circle_border=\u00bboff\u00bb circle_border_color=\u00bb#2EA3F2&#8243; icon_placement=\u00bbtop\u00bb animation=\u00bboff\u00bb background_layout=\u00bblight\u00bb text_orientation=\u00bbcenter\u00bb url=\u00bbhttp:\/\/silaba.es\/en\/services\/process-management\/\u00bb]<\/p>\n<p style=\"text-align: center;\">We have an exclusive management system to help you organise tailored work processes, manage your multilingual content, control the documents you produce\u2026 as if we were another department in your organisation.<\/p>\n<p>[\/et_pb_blurb][\/et_pb_column][et_pb_column type=\u00bb1_4&#8243;][et_pb_blurb admin_label=\u00bbBlurb\u00bb title=\u00bbLocalisation\u00bb url_new_window=\u00bboff\u00bb use_icon=\u00bbon\u00bb font_icon=\u00bb\ue101\u00bb icon_color=\u00bb#9b0e06&#8243; use_circle=\u00bboff\u00bb circle_color=\u00bb#2EA3F2&#8243; use_circle_border=\u00bboff\u00bb circle_border_color=\u00bb#2EA3F2&#8243; icon_placement=\u00bbtop\u00bb animation=\u00bboff\u00bb background_layout=\u00bblight\u00bb text_orientation=\u00bbcenter\u00bb url=\u00bbhttp:\/\/silaba.es\/en\/services\/localisation\/\u00bb]<\/p>\n<p style=\"text-align: center;\">We translate and localise websites in several formats, all types of software, mobile apps and video games, as well as other media, such as video and audio, all tailored to your specific requirements.<\/p>\n<p>[\/et_pb_blurb][\/et_pb_column][\/et_pb_row][\/et_pb_section][et_pb_section fullwidth=\u00bboff\u00bb specialty=\u00bboff\u00bb transparent_background=\u00bboff\u00bb background_color=\u00bb#eaeaea\u00bb inner_shadow=\u00bboff\u00bb parallax=\u00bboff\u00bb parallax_method=\u00bboff\u00bb][et_pb_row][et_pb_column type=\u00bb4_4&#8243;][et_pb_text admin_label=\u00bbText\u00bb background_layout=\u00bblight\u00bb text_orientation=\u00bbcenter\u00bb]<\/p>\n<h1 style=\"text-align: center;\">Languages we work with<\/h1>\n<h5 style=\"text-align: center;\">We have our own resources and a large network of translators worldwide so we can provide translations in any language combination.<\/h5>\n<p>[\/et_pb_text][\/et_pb_column][\/et_pb_row][et_pb_row][et_pb_column type=\u00bb1_4&#8243;][et_pb_text admin_label=\u00bbText\u00bb background_layout=\u00bblight\u00bb text_orientation=\u00bbcenter\u00bb]<\/p>\n<p style=\"text-align: left;\">Afrikaans<br \/>\nAlbanian<br \/>\nArabic<br \/>\nArmenian<br \/>\nBasque<br \/>\nBulgarian<br \/>\nBurmese<br \/>\nCambodian<br \/>\nCatalan<br \/>\nChinese (simplified)<br \/>\nChinese (traditional)<br \/>\nCroatian<br \/>\nCzech<br \/>\nDanish<\/p>\n<p>[\/et_pb_text][\/et_pb_column][et_pb_column type=\u00bb1_4&#8243;][et_pb_text admin_label=\u00bbText\u00bb background_layout=\u00bblight\u00bb text_orientation=\u00bbcenter\u00bb]<\/p>\n<p style=\"text-align: left;\">Dutch<br \/>\nEnglish<br \/>\nEstonian<br \/>\nFinnish<br \/>\nFrench<br \/>\nGalician<br \/>\nGerman<br \/>\nGreek<br \/>\nHebrew<br \/>\nHindi<br \/>\nHungarian<br \/>\nIcelandic<br \/>\nIndonesian<br \/>\nIrish<\/p>\n<p>[\/et_pb_text][\/et_pb_column][et_pb_column type=\u00bb1_4&#8243;][et_pb_text admin_label=\u00bbText\u00bb background_layout=\u00bblight\u00bb text_orientation=\u00bbcenter\u00bb]<\/p>\n<p style=\"text-align: left;\">Italian<br \/>\nJapanese<br \/>\nKazakh<br \/>\nKorean<br \/>\nLatvian<br \/>\nLithuanian<br \/>\nMalay<br \/>\nMaldivian<br \/>\nMaltese<br \/>\nNepali<br \/>\nNorwegian<br \/>\nPolish<br \/>\nPortuguese (BR)<br \/>\nPortuguese (PT)<\/p>\n<p>[\/et_pb_text][\/et_pb_column][et_pb_column type=\u00bb1_4&#8243;][et_pb_text admin_label=\u00bbText\u00bb background_layout=\u00bblight\u00bb text_orientation=\u00bbcenter\u00bb]<\/p>\n<p style=\"text-align: left;\">Romanian<br \/>\nRussian<br \/>\nSerbian<br \/>\nSlovak<br \/>\nSlovenian<br \/>\nSpanish<br \/>\nSpanish (LA)<br \/>\nSwedish<br \/>\nThai<br \/>\nTurkish<br \/>\nUkrainian<br \/>\nUzbek<br \/>\nVietnamese<br \/>\nWelsh<\/p>\n<p>[\/et_pb_text][\/et_pb_column][\/et_pb_row][\/et_pb_section]<\/p>\n","protected":false},"excerpt":{"rendered":"<p>[et_pb_section fullwidth=\u00bboff\u00bb specialty=\u00bboff\u00bb background_image=\u00bbhttp:\/\/silaba.es\/wp-content\/uploads\/2014\/11\/servicios-silaba.jpg\u00bb transparent_background=\u00bboff\u00bb background_color=\u00bb#ffffff\u00bb inner_shadow=\u00bbon\u00bb parallax=\u00bboff\u00bb parallax_method=\u00bboff\u00bb][et_pb_row][et_pb_column type=\u00bb1_3&#8243;][et_pb_text admin_label=\u00bbText\u00bb background_layout=\u00bblight\u00bb text_orientation=\u00bbleft\u00bb] Services A wide range of services for the product you need [\/et_pb_text][\/et_pb_column][et_pb_column type=\u00bb1_3&#8243;][\/et_pb_column][et_pb_column type=\u00bb1_3&#8243;][\/et_pb_column][\/et_pb_row][\/et_pb_section][et_pb_section][et_pb_row][et_pb_column type=\u00bb1_4&#8243;][et_pb_blurb admin_label=\u00bbBlurb\u00bb title=\u00bbLanguage services\u00bb url_new_window=\u00bboff\u00bb use_icon=\u00bbon\u00bb font_icon=\u00bb\ue01b\u00bb icon_color=\u00bb#9b0e06&#8243; use_circle=\u00bboff\u00bb circle_color=\u00bb#2EA3F2&#8243; use_circle_border=\u00bboff\u00bb circle_border_color=\u00bb#2EA3F2&#8243; icon_placement=\u00bbtop\u00bb animation=\u00bboff\u00bb background_layout=\u00bblight\u00bb text_orientation=\u00bbcenter\u00bb url=\u00bbhttp:\/\/silaba.es\/en\/services\/language-services\/\u00bb] We can translate all your documents and information (whether oral or [&hellip;]<\/p>\n","protected":false},"author":2,"featured_media":0,"parent":0,"menu_order":0,"comment_status":"open","ping_status":"closed","template":"","meta":{"_et_pb_use_builder":"on","_et_pb_old_content":"<p>[et_pb_section fullwidth=\"off\" specialty=\"off\" background_image=\"http:\/\/silaba.es\/wp-content\/uploads\/2014\/11\/servicios-silaba.jpg\" transparent_background=\"off\" background_color=\"#ffffff\" inner_shadow=\"on\" parallax=\"off\" parallax_method=\"off\"][et_pb_row][et_pb_column type=\"1_3\"][et_pb_text admin_label=\"Text\" background_layout=\"light\" text_orientation=\"left\"]<\/p><h1>Servicios<\/h1><h2>Una amplia gama de soluciones para el producto que necesita<\/h2><p>[\/et_pb_text][\/et_pb_column][et_pb_column type=\"1_3\"][\/et_pb_column][et_pb_column type=\"1_3\"][\/et_pb_column][\/et_pb_row][\/et_pb_section][et_pb_section][et_pb_row][et_pb_column type=\"1_4\"][et_pb_blurb admin_label=\"Blurb\" title=\"Servicios ling\u00fc\u00edsticos\" url_new_window=\"off\" use_icon=\"on\" font_icon=\"\ue01b\" icon_color=\"#9b0e06\" use_circle=\"off\" circle_color=\"#2EA3F2\" use_circle_border=\"off\" circle_border_color=\"#2EA3F2\" icon_placement=\"top\" animation=\"off\" background_layout=\"light\" text_orientation=\"center\" url=\"http:\/\/silaba.es\/servicios\/servicios-linguisticos\/\"]<\/p><p style=\"text-align: center;\">Traducimos toda su documentaci\u00f3n e informaci\u00f3n (ya sea oral o escrita) a los idiomas que necesite, aplicando tecnolog\u00edas de vanguardia y recurriendo a traductores nativos especializados en el \u00e1rea del saber requerido, en el formato que desee.<\/p><p>[\/et_pb_blurb][\/et_pb_column][et_pb_column type=\"1_4\"][et_pb_blurb admin_label=\"Blurb\" title=\"Globalizaci\u00f3n\" url_new_window=\"off\" use_icon=\"on\" font_icon=\"\ue0e2\" icon_color=\"#9b0e06\" use_circle=\"off\" circle_color=\"#2EA3F2\" use_circle_border=\"off\" circle_border_color=\"#2EA3F2\" icon_placement=\"top\" animation=\"off\" background_layout=\"light\" text_orientation=\"center\" url=\"http:\/\/silaba.es\/servicios\/globalizacion\/\"]<\/p><p style=\"text-align: center;\">\u00bfEst\u00e1 pensando en expandir su marca, servicios o productos a otros mercados? \u00bfEst\u00e1 preparando una licitaci\u00f3n para presentar en otro pa\u00eds y necesita asesoramiento o apoyo? Nuestro personal de internacionalizaci\u00f3n le acompa\u00f1ar\u00e1 en todo el proceso.<\/p><p>[\/et_pb_blurb][\/et_pb_column][et_pb_column type=\"1_4\"][et_pb_blurb admin_label=\"Blurb\" title=\"Gesti\u00f3n de procesos\" url_new_window=\"off\" use_icon=\"on\" font_icon=\"\ue109\" icon_color=\"#9b0e06\" use_circle=\"off\" circle_color=\"#2EA3F2\" use_circle_border=\"off\" circle_border_color=\"#2EA3F2\" icon_placement=\"top\" animation=\"off\" background_layout=\"light\" text_orientation=\"center\" url=\"http:\/\/silaba.es\/servicios\/gestion-de-procesos\/\"]<\/p><p style=\"text-align: center;\">Disponemos de un sistema de gesti\u00f3n exclusivo que le permitir\u00e1 organizar procesos de trabajo adaptados, administrar su contenido multiling\u00fce, llevar un control de la documentaci\u00f3n que genere... como si fu\u00e9ramos un departamento m\u00e1s de su organizaci\u00f3n.<\/p><p>[\/et_pb_blurb][\/et_pb_column][et_pb_column type=\"1_4\"][et_pb_blurb admin_label=\"Blurb\" title=\"Localizaci\u00f3n\" url_new_window=\"off\" use_icon=\"on\" font_icon=\"\ue101\" icon_color=\"#9b0e06\" use_circle=\"off\" circle_color=\"#2EA3F2\" use_circle_border=\"off\" circle_border_color=\"#2EA3F2\" icon_placement=\"top\" animation=\"off\" background_layout=\"light\" text_orientation=\"center\" url=\"http:\/\/silaba.es\/servicios\/localizacion\/\"]<\/p><p style=\"text-align: center;\">Traducimos y localizamos desde p\u00e1ginas web en diversos formatos hasta todo tipo de software o aplicaciones m\u00f3viles y videojuegos, sin dejar atr\u00e1s otros soportes como v\u00eddeo o audio, todo ello adaptado a los requisitos espec\u00edficos.<\/p><p>[\/et_pb_blurb][\/et_pb_column][\/et_pb_row][\/et_pb_section][et_pb_section fullwidth=\"off\" specialty=\"off\" transparent_background=\"off\" background_color=\"#eaeaea\" inner_shadow=\"off\" parallax=\"off\" parallax_method=\"off\"][et_pb_row][et_pb_column type=\"4_4\"][et_pb_text admin_label=\"Text\" background_layout=\"light\" text_orientation=\"center\"]<\/p><h1 style=\"text-align: center;\">Idiomas en los que trabajamos<\/h1><h5 style=\"text-align: center;\">Contamos con recursos propios y una amplia red de traductores en todo el mundo que nos permite realizar traducciones en cualquier combinaci\u00f3n ling\u00fc\u00edstica.<\/h5><p>[\/et_pb_text][\/et_pb_column][\/et_pb_row][et_pb_row][et_pb_column type=\"1_4\"][et_pb_text admin_label=\"Text\" background_layout=\"light\" text_orientation=\"center\"]<\/p><p style=\"text-align: left;\">afrikaans<br \/> alban\u00e9s<br \/> alem\u00e1n<br \/> \u00e1rabe<br \/> armenio<br \/> birmano<br \/> b\u00falgaro<br \/> camboyano<br \/> catal\u00e1n<br \/> checo<br \/> chino tradicional<br \/> chino simplificado<br \/> coreano<br \/> croata<\/p><p>[\/et_pb_text][\/et_pb_column][et_pb_column type=\"1_4\"][et_pb_text admin_label=\"Text\" background_layout=\"light\" text_orientation=\"center\"]<\/p><p style=\"text-align: left;\">curdo<br \/> dan\u00e9s<br \/> eslovaco<br \/> esloveno<br \/> espa\u00f1ol<br \/> espa\u00f1ol (LA)<br \/> estonio<br \/> finland\u00e9s<br \/> franc\u00e9s<br \/> gal\u00e9s<br \/> gallego<br \/> griego<br \/> hebreo<br \/> hindi<\/p><p>[\/et_pb_text][\/et_pb_column][et_pb_column type=\"1_4\"][et_pb_text admin_label=\"Text\" background_layout=\"light\" text_orientation=\"center\"]<\/p><p style=\"text-align: left;\">holand\u00e9s<br \/> h\u00fangaro<br \/> indonesio<br \/> irland\u00e9s<br \/> island\u00e9s<br \/> italiano<br \/> japon\u00e9s<br \/> kazajo<br \/> let\u00f3n<br \/> lituano<br \/> malayo<br \/> maldivo<br \/> malt\u00e9s<br \/> nepal\u00ed<\/p><p>[\/et_pb_text][\/et_pb_column][et_pb_column type=\"1_4\"][et_pb_text admin_label=\"Text\" background_layout=\"light\" text_orientation=\"center\"]<\/p><p style=\"text-align: left;\">noruego<br \/> polaco<br \/> portugu\u00e9s (BR)<br \/> portugu\u00e9s (PT)<br \/> rumano<br \/> ruso<br \/> serbio<br \/> sueco<br \/> tailand\u00e9s<br \/> turco<br \/> ucraniano<br \/> uzbeco<br \/> vasco<br \/> vietnamita<\/p><p>[\/et_pb_text][\/et_pb_column][\/et_pb_row][\/et_pb_section]<\/p>","footnotes":""},"_links":{"self":[{"href":"https:\/\/silaba.es\/en\/wp-json\/wp\/v2\/pages\/41"}],"collection":[{"href":"https:\/\/silaba.es\/en\/wp-json\/wp\/v2\/pages"}],"about":[{"href":"https:\/\/silaba.es\/en\/wp-json\/wp\/v2\/types\/page"}],"author":[{"embeddable":true,"href":"https:\/\/silaba.es\/en\/wp-json\/wp\/v2\/users\/2"}],"replies":[{"embeddable":true,"href":"https:\/\/silaba.es\/en\/wp-json\/wp\/v2\/comments?post=41"}],"version-history":[{"count":14,"href":"https:\/\/silaba.es\/en\/wp-json\/wp\/v2\/pages\/41\/revisions"}],"predecessor-version":[{"id":172,"href":"https:\/\/silaba.es\/en\/wp-json\/wp\/v2\/pages\/41\/revisions\/172"}],"wp:attachment":[{"href":"https:\/\/silaba.es\/en\/wp-json\/wp\/v2\/media?parent=41"}],"curies":[{"name":"wp","href":"https:\/\/api.w.org\/{rel}","templated":true}]}}